{"id":27741717,"date":"2026-03-17T14:54:21","date_gmt":"2026-03-17T13:54:21","guid":{"rendered":"https:\/\/siga.hr\/?page_id=27741717"},"modified":"2026-04-15T14:05:01","modified_gmt":"2026-04-15T12:05:01","slug":"kontakt","status":"publish","type":"page","link":"https:\/\/siga.hr\/en\/kontakt\/","title":{"rendered":"Contact"},"content":{"rendered":"<div class=\"et_pb_section_0 et_pb_section et_section_regular et_block_section\">\n<div class=\"et_pb_row_0 et_pb_row et_block_row et_animated\">\n<div class=\"et_pb_column_0 et_pb_column et_pb_column_4_4 et-last-child et_block_column et_pb_css_mix_blend_mode_passthrough\">\n<div class=\"et_pb_text_0 et_pb_text et_pb_bg_layout_light et_pb_module et_block_module preset--module--divi-text--c16985e1-e0d6-4022-964d-e2bfc04fa633\"><div class=\"et_pb_text_inner\"><h1>Contact<\/h1>\n<\/div><\/div>\n<\/div>\n<\/div>\n<\/div>\n\n<div class=\"et_pb_section_1 et_pb_section et_section_regular et_flex_section\">\n<div class=\"et_pb_row_1 et_pb_row et_flex_row\">\n<div class=\"et_pb_column_1 et_pb_column et_flex_column et_pb_css_mix_blend_mode_passthrough et_flex_column_6_24 et_flex_column_12_24_tablet et_flex_column_24_24_phone\">\n<div class=\"et_pb_blurb_0 et_pb_blurb et_pb_bg_layout_light et_pb_blurb_position_left et_pb_module et_flex_module\"><div class=\"et_pb_blurb_content et_flex_module\"><div class=\"et_pb_main_blurb_image\"><span class=\"et_pb_image_wrap\"><span class=\"et-pb-icon et_animated et_animated\">\ue074<\/span><\/span><\/div><div class=\"et_pb_blurb_container\"><h4 class=\"et_pb_module_header\">Central office<\/h4><div class=\"et_pb_blurb_description\"><p><a href=\"tel:%20042 234 100\">042\/234-100<\/a><br \/><a href=\"mailto:%20siga@siga.hr\">siga@siga.hr<\/a><\/p>\n<\/div><\/div><\/div><\/div>\n<\/div>\n\n<div class=\"et_pb_column_2 et_pb_column et_flex_column et_pb_css_mix_blend_mode_passthrough et_flex_column_6_24 et_flex_column_12_24_tablet et_flex_column_24_24_phone\">\n<div class=\"et_pb_blurb_1 et_pb_blurb et_pb_bg_layout_light et_pb_blurb_position_left et_pb_module et_flex_module\"><div class=\"et_pb_blurb_content et_flex_module\"><div class=\"et_pb_main_blurb_image\"><span class=\"et_pb_image_wrap\"><span class=\"et-pb-icon et_animated et_animated\">\uf275<\/span><\/span><\/div><div class=\"et_pb_blurb_container\"><h4 class=\"et_pb_module_header\">Wholesale<\/h4><div class=\"et_pb_blurb_description\"><p><a href=\"tel:%20042 234 115\">042\/234-115<\/a><br \/><a href=\"mailto:%20siga@siga.hr\">siga@siga.hr<\/a><\/p>\n<\/div><\/div><\/div><\/div>\n<\/div>\n\n<div class=\"et_pb_column_3 et_pb_column et_flex_column et_pb_css_mix_blend_mode_passthrough et_flex_column_6_24 et_flex_column_12_24_tablet et_flex_column_24_24_phone\">\n<div class=\"et_pb_blurb_2 et_pb_blurb et_pb_bg_layout_light et_pb_blurb_position_left et_pb_module et_flex_module\"><div class=\"et_pb_blurb_content et_flex_module\"><div class=\"et_pb_main_blurb_image\"><span class=\"et_pb_image_wrap\"><span class=\"et-pb-icon et_animated et_animated\">\uf54f<\/span><\/span><\/div><div class=\"et_pb_blurb_container\"><h4 class=\"et_pb_module_header\">Retail<\/h4><div class=\"et_pb_blurb_description\"><p><a href=\"tel:%20042 234 112\">042\/234-112<\/a> <br \/><a href=\"mailto:%20maloprodaja@siga.hr\">maloprodaja@siga.hr<\/a><\/p>\n<\/div><\/div><\/div><\/div>\n<\/div>\n\n<div class=\"et_pb_column_4 et_pb_column et-last-child et_flex_column et_pb_css_mix_blend_mode_passthrough et_flex_column_6_24 et_flex_column_12_24_tablet et_flex_column_24_24_phone\">\n<div class=\"et_pb_blurb_3 et_pb_blurb et_pb_bg_layout_light et_pb_blurb_position_left et_pb_module et_flex_module\"><div class=\"et_pb_blurb_content et_flex_module\"><div class=\"et_pb_main_blurb_image\"><span class=\"et_pb_image_wrap\"><span class=\"et-pb-icon et_animated et_animated\">\ue088<\/span><\/span><\/div><div class=\"et_pb_blurb_container\"><h4 class=\"et_pb_module_header\">Warehouse<\/h4><div class=\"et_pb_blurb_description\"><p><a href=\"mailto:%20skladiste@siga.hr\">skladiste@siga.hr<\/a> <br \/>Radni\u010dka ul. 1, <br \/>42220 Novi Marof<\/p>\n<\/div><\/div><\/div><\/div>\n<\/div>\n<\/div>\n<\/div>\n\n<div class=\"et_pb_section_2 et_pb_section et_section_regular et_flex_section\">\n<div class=\"et_pb_row_2 et_pb_row et_flex_row\">\n<div class=\"et_pb_column_5 et_pb_column et_flex_column et_pb_css_mix_blend_mode_passthrough et_flex_column_6_24 et_flex_column_12_24_tablet et_flex_column_24_24_phone\">\n<div class=\"et_pb_blurb_4 et_pb_blurb et_pb_bg_layout_light et_pb_blurb_position_left et_pb_module et_flex_module\"><div class=\"et_pb_blurb_content et_flex_module\"><div class=\"et_pb_main_blurb_image\"><span class=\"et_pb_image_wrap\"><span class=\"et-pb-icon et_animated et_animated\">\uf4de<\/span><\/span><\/div><div class=\"et_pb_blurb_container\"><h4 class=\"et_pb_module_header\">Fast delivery<\/h4><\/div><\/div><\/div>\n<\/div>\n\n<div class=\"et_pb_column_6 et_pb_column et-last-child et_flex_column et_pb_css_mix_blend_mode_passthrough et_flex_column_6_24 et_flex_column_12_24_tablet et_flex_column_24_24_phone\">\n<div class=\"et_pb_blurb_5 et_pb_blurb et_pb_bg_layout_light et_pb_text_align_center-phone et_pb_blurb_position_left et_pb_module et_flex_module\"><div class=\"et_pb_blurb_content et_flex_module\"><div class=\"et_pb_main_blurb_image\"><span class=\"et_pb_image_wrap\"><span class=\"et-pb-icon et_animated et_animated\">\ue00a<\/span><\/span><\/div><div class=\"et_pb_blurb_container\"><h4 class=\"et_pb_module_header\">Wide range<\/h4><\/div><\/div><\/div>\n<\/div>\n<\/div>\n\n<div class=\"et_pb_row_3 et_pb_row et_flex_row\">\n<div class=\"et_pb_column_7 et_pb_column et_flex_column et_pb_css_mix_blend_mode_passthrough et_flex_column_6_24 et_flex_column_12_24_tablet et_flex_column_24_24_phone\">\n<div class=\"et_pb_blurb_6 et_pb_blurb et_pb_bg_layout_light et_pb_text_align_center-phone et_pb_blurb_position_left et_pb_module et_flex_module\"><div class=\"et_pb_blurb_content et_flex_module\"><div class=\"et_pb_main_blurb_image\"><span class=\"et_pb_image_wrap\"><span class=\"et-pb-icon et_animated et_animated\">w<\/span><\/span><\/div><div class=\"et_pb_blurb_container\"><h4 class=\"et_pb_module_header\">Professional consulting<\/h4><\/div><\/div><\/div>\n<\/div>\n\n<div class=\"et_pb_column_8 et_pb_column et-last-child et_flex_column et_pb_css_mix_blend_mode_passthrough et_flex_column_6_24 et_flex_column_12_24_tablet et_flex_column_24_24_phone\">\n<div class=\"et_pb_blurb_7 et_pb_blurb et_pb_bg_layout_light et_pb_blurb_position_left et_pb_module et_flex_module\"><div class=\"et_pb_blurb_content et_flex_module\"><div class=\"et_pb_main_blurb_image\"><span class=\"et_pb_image_wrap\"><span class=\"et-pb-icon et_animated et_animated\">\uf2c4<\/span><\/span><\/div><div class=\"et_pb_blurb_container\"><h4 class=\"et_pb_module_header\">Quality and certificates<\/h4><\/div><\/div><\/div>\n<\/div>\n<\/div>\n<\/div>\n\n<div class=\"et_pb_section_3 et_pb_section et_section_regular et_block_section\">\n<div class=\"et_pb_row_4 et_pb_row et_block_row\">\n<div class=\"et_pb_column_9 et_pb_column et_pb_column_4_4 et-last-child et_block_column et_pb_css_mix_blend_mode_passthrough\">\n<div class=\"et_pb_text_1 et_pb_text et_pb_bg_layout_light et_pb_module et_block_module\"><div class=\"et_pb_text_inner\"><h2>Do you need personal <strong>protective equipment?<\/strong><\/h2>\n<\/div><\/div>\n\n<div class=\"et_pb_text_2 et_pb_text et_pb_bg_layout_light et_pb_module et_block_module preset--module--divi-text--1f09816e-184e-4ce5-a4cf-b39c52c423ca\"><div class=\"et_pb_text_inner\"><h3>Contact Siga d.o.o. and find certified security solutions for your work environment.<\/h3>\n<\/div><\/div>\n<\/div>\n<\/div>\n\n<div class=\"et_pb_row_5 et_pb_row et_pb_row_3-4_1-4 et_pb_equal_columns et_block_row et_block_row_3-4_1-4\">\n<div class=\"et_pb_column_10 et_pb_column et_pb_column_3_4 et_block_column et_pb_css_mix_blend_mode_passthrough\">\n<div class=\"et_pb_contact_form_0 et_pb_contact_form_container clearfix et_pb_module et_flex_module\" data-form_unique_num=\"0\" data-form_unique_id=\"e67260e5-bb15-4a74-8375-b8dda3410095\" id=\"et_pb_contact_form_e67260e5-bb15-4a74-8375-b8dda3410095\"><div class=\"et-pb-contact-message\"><\/div><div class=\"et_pb_contact\"><form class=\"et_pb_contact_form et_flex_module\" method=\"post\" action=\"https:\/\/siga.hr\/en\/wp-json\/wp\/v2\/pages\/27741717\" data-trp-original-action=\"https:\/\/siga.hr\/en\/wp-json\/wp\/v2\/pages\/27741717\">\n<div class=\"et_pb_contact_field_0 et_pb_contact_field et_pb_module et_flex_module et_flex_column_24_24 et_flex_column_24_24_tablet et_flex_column_24_24_phone\" data-id=\"nameid\" data-type=\"input\"><label class=\"et_pb_contact_form_label\" for=\"et_pb_contact_0_nameid_0\">Company name *<\/label><input type=\"text\" name=\"et_pb_contact_0_nameid_0\" id=\"et_pb_contact_0_nameid_0\" class=\"input\" data-required_mark=\"required\" data-field_type=\"input\" data-original_id=\"nameid\" placeholder=\"Company name *\" title=\"\" value=\"\" \/><\/div>\n\n<div class=\"et_pb_contact_field_1 et_pb_contact_field et_pb_module et_flex_module et_flex_column_24_24 et_flex_column_24_24_tablet et_flex_column_24_24_phone\" data-id=\"osoba\" data-type=\"input\"><label class=\"et_pb_contact_form_label\" for=\"et_pb_contact_0_osoba_1\">Contact person *<\/label><input type=\"text\" name=\"et_pb_contact_0_osoba_1\" id=\"et_pb_contact_0_osoba_1\" class=\"input\" data-required_mark=\"required\" data-field_type=\"input\" data-original_id=\"osoba\" placeholder=\"Contact person *\" title=\"\" value=\"\" \/><\/div>\n\n<div class=\"et_pb_contact_field_2 et_pb_contact_field et_pb_module et_flex_module et_flex_column_24_24 et_flex_column_24_24_tablet et_flex_column_24_24_phone\" data-id=\"emailid\" data-type=\"email\"><label class=\"et_pb_contact_form_label\" for=\"et_pb_contact_0_emailid_2\">Email address *<\/label><input type=\"text\" name=\"et_pb_contact_0_emailid_2\" id=\"et_pb_contact_0_emailid_2\" class=\"input\" data-required_mark=\"required\" data-field_type=\"email\" data-original_id=\"emailid\" placeholder=\"Email address *\" title=\"\" value=\"\" \/><\/div>\n\n<div class=\"et_pb_contact_field_3 et_pb_contact_field et_pb_module et_flex_module et_flex_column_24_24 et_flex_column_24_24_tablet et_flex_column_24_24_phone\" data-id=\"messageid\" data-type=\"text\"><label class=\"et_pb_contact_form_label\" for=\"et_pb_contact_0_messageid_3\">Inquiry \/ message *<\/label><textarea name=\"et_pb_contact_0_messageid_3\" id=\"et_pb_contact_0_messageid_3\" class=\"et_pb_contact_message input\" data-required_mark=\"required\" data-field_type=\"text\" data-original_id=\"messageid\" placeholder=\"Inquiry \/ message *\"><\/textarea><\/div>\n<input type=\"hidden\" name=\"et_pb_contactform_submit_e67260e5-bb15-4a74-8375-b8dda3410095\" value=\"et_contact_proccess\" \/><div class=\"hcaptcha-divi-5-wrapper\">\t\t<input\n\t\t\t\ttype=\"hidden\"\n\t\t\t\tclass=\"hcaptcha-widget-id\"\n\t\t\t\tname=\"hcaptcha-widget-id\"\n\t\t\t\tvalue=\"eyJzb3VyY2UiOlsiRGl2aSJdLCJmb3JtX2lkIjoiY29udGFjdCJ9-e5e676729b538b4c81648d7d981cd722\">\n\t\t\t\t<h-captcha\n\t\t\tclass=\"h-captcha\"\n\t\t\tdata-sitekey=\"46d0e420-d622-4536-acd8-a574f0c2e5f4\"\n\t\t\tdata-theme=\"light\"\n\t\t\tdata-size=\"normal\"\n\t\t\tdata-auto=\"false\"\n\t\t\tdata-ajax=\"false\"\n\t\t\tdata-force=\"true\">\n\t\t<\/h-captcha>\n\t\t<input type=\"hidden\" id=\"hcaptcha_divi_cf_nonce\" name=\"hcaptcha_divi_cf_nonce\" value=\"1bb4b88141\" \/><input type=\"hidden\" name=\"_wp_http_referer\" value=\"\/en\/wp-json\/wp\/v2\/pages\/27741717\" \/>\t\t<label for=\"hcap_hp_JFk8AXXOgtPQ\"><\/label>\n\t\t<input\n\t\t\t\ttype=\"text\" id=\"hcap_hp_JFk8AXXOgtPQ\" name=\"hcap_hp_JFk8AXXOgtPQ\" value=\"\"\n\t\t\t\treadonly inputmode=\"none\" autocomplete=\"new-password\" tabindex=\"-1\" aria-hidden=\"true\"\n\t\t\t\tstyle=\"position:absolute; left:-9999px; top:auto; height:0; width:0; opacity:0;\"\/>\n\t\t<input type=\"hidden\" name=\"hcap_hp_sig\" value=\"9d486fca97\"\/>\n\t\t<\/div>\n<div style=\"clear: both;\"><\/div>\n<div class=\"et_contact_bottom_container\"><div class=\"et_pb_button_wrapper\"><button type=\"submit\" name=\"et_builder_submit_button\" class=\"et_pb_button et_pb_contact_submit\">Send<\/button><\/div><\/div><input type=\"hidden\" id=\"_wpnonce-et-pb-contact-form-submitted-e67260e5-bb15-4a74-8375-b8dda3410095\" name=\"_wpnonce-et-pb-contact-form-submitted-e67260e5-bb15-4a74-8375-b8dda3410095\" value=\"3f0a5478c3\" \/><input type=\"hidden\" name=\"_wp_http_referer\" value=\"\/en\/wp-json\/wp\/v2\/pages\/27741717\" \/><input type=\"hidden\" name=\"trp-form-language\" value=\"en\"\/><\/form><\/div><\/div>\n<\/div>\n\n<div class=\"et_pb_column_11 et_pb_column et_pb_column_1_4 et-last-child et_block_column et_pb_css_mix_blend_mode_passthrough\">\n<div class=\"et_pb_image_0 et_pb_image et_pb_image_sticky et_animated et_pb_module et_block_module\"><span class=\"et_pb_image_wrap\"><img loading=\"lazy\" decoding=\"async\" src=\"https:\/\/siga.hr\/wp-content\/uploads\/2026\/03\/08_Altair-io4_VShock_Leading_Edge.webp\" title=\"08_Altair io4_VShock_Leading_Edge\" width=\"1500\" height=\"1000\" srcset=\"https:\/\/siga.hr\/wp-content\/uploads\/2026\/03\/08_Altair-io4_VShock_Leading_Edge.webp 1500w, https:\/\/siga.hr\/wp-content\/uploads\/2026\/03\/08_Altair-io4_VShock_Leading_Edge-1280x853.webp 1280w, https:\/\/siga.hr\/wp-content\/uploads\/2026\/03\/08_Altair-io4_VShock_Leading_Edge-980x653.webp 980w, https:\/\/siga.hr\/wp-content\/uploads\/2026\/03\/08_Altair-io4_VShock_Leading_Edge-480x320.webp 480w\" sizes=\"(min-width: 0px) and (max-width: 480px) 480px, (min-width: 481px) and (max-width: 980px) 980px, (min-width: 981px) and (max-width: 1280px) 1280px, (min-width: 1281px) 1500px, 100vw\" class=\"wp-image-27741719\" \/><\/span><\/div>\n<\/div>\n<\/div>\n\n<div class=\"et_pb_row_6 et_pb_row et_flex_row\">\n<div class=\"et_pb_column_12 et_pb_column et-last-child et_flex_column et_pb_css_mix_blend_mode_passthrough et_flex_column_24_24 et_flex_column_24_24_tablet et_flex_column_24_24_phone\">\n<div class=\"et_pb_text_3 et_pb_text et_pb_bg_layout_light et_pb_module et_block_module\"><div class=\"et_pb_text_inner\"><h2>Where are we?<\/h2>\n<\/div><\/div>\n\n<div class=\"et_pb_code_0 et_pb_code et_pb_module\"><div class=\"et_pb_code_inner\"><iframe src=\"https:\/\/www.google.com\/maps\/embed?pb=!1m18!1m12!1m3!1d2619.522300778174!2d16.34588367615395!3d46.312200871100586!2m3!1f0!2f0!3f0!3m2!1i1024!2i768!4f13.1!3m3!1m2!1s0x4768ab26c82413f3%3A0x7ce420a3a3ceedda!2sMe%C4%91imurska%20ul.%2012%2C%2042000%2C%20Vara%C5%BEdin!5e1!3m2!1shr!2shr!4v1773755441339!5m2!1shr!2shr\" width=\"100%\" height=\"450\" style=\"border:0;\" allowfullscreen=\"\" loading=\"lazy\" referrerpolicy=\"no-referrer-when-downgrade\"><\/iframe><\/div><\/div>\n<\/div>\n<\/div>\n<\/div>","protected":false},"excerpt":{"rendered":"","protected":false},"author":1,"featured_media":0,"parent":0,"menu_order":0,"comment_status":"closed","ping_status":"closed","template":"","meta":{"inline_featured_image":false,"footnotes":""},"dipi_cpt_category":[],"class_list":["post-27741717","page","type-page","status-publish","hentry"],"yoast_head":"<!-- This site is optimized with the Yoast SEO plugin v27.4 - https:\/\/yoast.com\/product\/yoast-seo-wordpress\/ -->\n<title>Kontakt - Siga<\/title>\n<meta name=\"description\" content=\"Trebate osobnu za\u0161titnu opremu? Kontaktirajte Siga d.o.o. i prona\u0111ite certificirana sigurnosna rje\u0161enja za va\u0161e radno okru\u017eenje.\" \/>\n<meta name=\"robots\" content=\"index, follow, max-snippet:-1, max-image-preview:large, max-video-preview:-1\" \/>\n<link rel=\"canonical\" href=\"https:\/\/siga.hr\/en\/kontakt\/\" \/>\n<meta property=\"og:locale\" content=\"en_US\" \/>\n<meta property=\"og:type\" content=\"article\" \/>\n<meta property=\"og:title\" content=\"Kontakt - Siga\" \/>\n<meta property=\"og:description\" content=\"Trebate osobnu za\u0161titnu opremu? Kontaktirajte Siga d.o.o. i prona\u0111ite certificirana sigurnosna rje\u0161enja za va\u0161e radno okru\u017eenje.\" \/>\n<meta property=\"og:url\" content=\"https:\/\/siga.hr\/en\/kontakt\/\" \/>\n<meta property=\"og:site_name\" content=\"Siga\" \/>\n<meta property=\"article:modified_time\" content=\"2026-04-15T12:05:01+00:00\" \/>\n<meta name=\"twitter:card\" content=\"summary_large_image\" \/>\n<script type=\"application\/ld+json\" class=\"yoast-schema-graph\">{\"@context\":\"https:\\\/\\\/schema.org\",\"@graph\":[{\"@type\":\"WebPage\",\"@id\":\"https:\\\/\\\/siga.hr\\\/kontakt\\\/\",\"url\":\"https:\\\/\\\/siga.hr\\\/kontakt\\\/\",\"name\":\"Kontakt - Siga\",\"isPartOf\":{\"@id\":\"https:\\\/\\\/siga.hr\\\/#website\"},\"datePublished\":\"2026-03-17T13:54:21+00:00\",\"dateModified\":\"2026-04-15T12:05:01+00:00\",\"description\":\"Trebate osobnu za\u0161titnu opremu? Kontaktirajte Siga d.o.o. i prona\u0111ite certificirana sigurnosna rje\u0161enja za va\u0161e radno okru\u017eenje.\",\"breadcrumb\":{\"@id\":\"https:\\\/\\\/siga.hr\\\/kontakt\\\/#breadcrumb\"},\"inLanguage\":\"en-US\",\"potentialAction\":[{\"@type\":\"ReadAction\",\"target\":[\"https:\\\/\\\/siga.hr\\\/kontakt\\\/\"]}]},{\"@type\":\"BreadcrumbList\",\"@id\":\"https:\\\/\\\/siga.hr\\\/kontakt\\\/#breadcrumb\",\"itemListElement\":[{\"@type\":\"ListItem\",\"position\":1,\"name\":\"Po\u010detna stranica\",\"item\":\"https:\\\/\\\/siga.hr\\\/\"},{\"@type\":\"ListItem\",\"position\":2,\"name\":\"Kontakt\"}]},{\"@type\":\"WebSite\",\"@id\":\"https:\\\/\\\/siga.hr\\\/#website\",\"url\":\"https:\\\/\\\/siga.hr\\\/\",\"name\":\"Siga\",\"description\":\"Vi\u0161e od 30 godina osiguravamo vrhunsku osobnu za\u0161titnu opremu.\",\"publisher\":{\"@id\":\"https:\\\/\\\/siga.hr\\\/#organization\"},\"potentialAction\":[{\"@type\":\"SearchAction\",\"target\":{\"@type\":\"EntryPoint\",\"urlTemplate\":\"https:\\\/\\\/siga.hr\\\/?s={search_term_string}\"},\"query-input\":{\"@type\":\"PropertyValueSpecification\",\"valueRequired\":true,\"valueName\":\"search_term_string\"}}],\"inLanguage\":\"en-US\"},{\"@type\":\"Organization\",\"@id\":\"https:\\\/\\\/siga.hr\\\/#organization\",\"name\":\"Siga\",\"url\":\"https:\\\/\\\/siga.hr\\\/\",\"logo\":{\"@type\":\"ImageObject\",\"inLanguage\":\"en-US\",\"@id\":\"https:\\\/\\\/siga.hr\\\/#\\\/schema\\\/logo\\\/image\\\/\",\"url\":\"https:\\\/\\\/siga.hr\\\/wp-content\\\/uploads\\\/2026\\\/03\\\/Siga-logo.svg\",\"contentUrl\":\"https:\\\/\\\/siga.hr\\\/wp-content\\\/uploads\\\/2026\\\/03\\\/Siga-logo.svg\",\"width\":100,\"height\":100,\"caption\":\"Siga\"},\"image\":{\"@id\":\"https:\\\/\\\/siga.hr\\\/#\\\/schema\\\/logo\\\/image\\\/\"}}]}<\/script>\n<!-- \/ Yoast SEO plugin. -->","yoast_head_json":{"title":"Kontakt - Siga","description":"Trebate osobnu za\u0161titnu opremu? Kontaktirajte Siga d.o.o. i prona\u0111ite certificirana sigurnosna rje\u0161enja za va\u0161e radno okru\u017eenje.","robots":{"index":"index","follow":"follow","max-snippet":"max-snippet:-1","max-image-preview":"max-image-preview:large","max-video-preview":"max-video-preview:-1"},"canonical":"https:\/\/siga.hr\/en\/kontakt\/","og_locale":"en_US","og_type":"article","og_title":"Kontakt - Siga","og_description":"Trebate osobnu za\u0161titnu opremu? Kontaktirajte Siga d.o.o. i prona\u0111ite certificirana sigurnosna rje\u0161enja za va\u0161e radno okru\u017eenje.","og_url":"https:\/\/siga.hr\/en\/kontakt\/","og_site_name":"Siga","article_modified_time":"2026-04-15T12:05:01+00:00","twitter_card":"summary_large_image","schema":{"@context":"https:\/\/schema.org","@graph":[{"@type":"WebPage","@id":"https:\/\/siga.hr\/kontakt\/","url":"https:\/\/siga.hr\/kontakt\/","name":"Kontakt - Siga","isPartOf":{"@id":"https:\/\/siga.hr\/#website"},"datePublished":"2026-03-17T13:54:21+00:00","dateModified":"2026-04-15T12:05:01+00:00","description":"Trebate osobnu za\u0161titnu opremu? Kontaktirajte Siga d.o.o. i prona\u0111ite certificirana sigurnosna rje\u0161enja za va\u0161e radno okru\u017eenje.","breadcrumb":{"@id":"https:\/\/siga.hr\/kontakt\/#breadcrumb"},"inLanguage":"en-US","potentialAction":[{"@type":"ReadAction","target":["https:\/\/siga.hr\/kontakt\/"]}]},{"@type":"BreadcrumbList","@id":"https:\/\/siga.hr\/kontakt\/#breadcrumb","itemListElement":[{"@type":"ListItem","position":1,"name":"Po\u010detna stranica","item":"https:\/\/siga.hr\/"},{"@type":"ListItem","position":2,"name":"Kontakt"}]},{"@type":"WebSite","@id":"https:\/\/siga.hr\/#website","url":"https:\/\/siga.hr\/","name":"Siga","description":"Vi\u0161e od 30 godina osiguravamo vrhunsku osobnu za\u0161titnu opremu.","publisher":{"@id":"https:\/\/siga.hr\/#organization"},"potentialAction":[{"@type":"SearchAction","target":{"@type":"EntryPoint","urlTemplate":"https:\/\/siga.hr\/?s={search_term_string}"},"query-input":{"@type":"PropertyValueSpecification","valueRequired":true,"valueName":"search_term_string"}}],"inLanguage":"en-US"},{"@type":"Organization","@id":"https:\/\/siga.hr\/#organization","name":"Siga","url":"https:\/\/siga.hr\/","logo":{"@type":"ImageObject","inLanguage":"en-US","@id":"https:\/\/siga.hr\/#\/schema\/logo\/image\/","url":"https:\/\/siga.hr\/wp-content\/uploads\/2026\/03\/Siga-logo.svg","contentUrl":"https:\/\/siga.hr\/wp-content\/uploads\/2026\/03\/Siga-logo.svg","width":100,"height":100,"caption":"Siga"},"image":{"@id":"https:\/\/siga.hr\/#\/schema\/logo\/image\/"}}]}},"_links":{"self":[{"href":"https:\/\/siga.hr\/en\/wp-json\/wp\/v2\/pages\/27741717","targetHints":{"allow":["GET"]}}],"collection":[{"href":"https:\/\/siga.hr\/en\/wp-json\/wp\/v2\/pages"}],"about":[{"href":"https:\/\/siga.hr\/en\/wp-json\/wp\/v2\/types\/page"}],"author":[{"embeddable":true,"href":"https:\/\/siga.hr\/en\/wp-json\/wp\/v2\/users\/1"}],"replies":[{"embeddable":true,"href":"https:\/\/siga.hr\/en\/wp-json\/wp\/v2\/comments?post=27741717"}],"version-history":[{"count":11,"href":"https:\/\/siga.hr\/en\/wp-json\/wp\/v2\/pages\/27741717\/revisions"}],"predecessor-version":[{"id":27742077,"href":"https:\/\/siga.hr\/en\/wp-json\/wp\/v2\/pages\/27741717\/revisions\/27742077"}],"wp:attachment":[{"href":"https:\/\/siga.hr\/en\/wp-json\/wp\/v2\/media?parent=27741717"}],"wp:term":[{"taxonomy":"dipi_cpt_category","embeddable":true,"href":"https:\/\/siga.hr\/en\/wp-json\/wp\/v2\/dipi_cpt_category?post=27741717"}],"curies":[{"name":"wp","href":"https:\/\/api.w.org\/{rel}","templated":true}]}}